{"id":71,"date":"2020-01-27T08:15:05","date_gmt":"2020-01-27T08:15:05","guid":{"rendered":"https:\/\/demosites.io\/web-agency-gb\/?page_id=71"},"modified":"2022-07-03T14:11:19","modified_gmt":"2022-07-03T14:11:19","slug":"15c42-web-agency-gb-portfolio-single","status":"publish","type":"page","link":"https:\/\/expertexpo.com.tr\/index.php\/15c42-web-agency-gb-portfolio-single\/","title":{"rendered":""},"content":{"rendered":"\n<div class=\"wp-block-cover alignfull\" style=\"min-height:320px\"><span aria-hidden=\"true\" class=\"wp-block-cover__background has-nv-site-bg-background-color has-background-dim-100 has-background-dim\"><\/span><div class=\"wp-block-cover__inner-container\">\n<div class=\"wp-container-4 wp-block-group\"><div class=\"wp-block-group__inner-container\">\n<div class=\"wp-container-3 wp-block-columns are-vertically-aligned-center\">\n<div class=\"wp-container-1 wp-block-column is-vertically-aligned-center\" style=\"flex-basis:70%\">\n<h2 class=\"has-text-align-left has-neve-text-color-color has-text-color\">LIFT EXPO ALGERIA<\/h2>\n\n\n\n<p class=\"has-neve-text-color-color has-text-color\" style=\"font-size:22px\">INTERNATIONAL EXHIBITION FOR ELEVATOR AND ESCALATOR TECHNOLOGIES \/ ASCENSEURS ET ESCALIERS EXPOSITION<\/p>\n<\/div>\n\n\n\n<div class=\"wp-container-2 wp-block-column is-vertically-aligned-center\" style=\"flex-basis:30%\"><\/div>\n<\/div>\n<\/div><\/div>\n<\/div><\/div>\n\n\n\n<div class=\"wp-block-cover alignfull\" style=\"min-height:600px\"><span aria-hidden=\"true\" class=\"wp-block-cover__background has-nv-light-bg-background-color has-background-dim-100 has-background-dim\"><\/span><div class=\"wp-block-cover__inner-container\">\n<div class=\"wp-container-9 wp-block-group\"><div class=\"wp-block-group__inner-container\">\n<div style=\"height:80px\" aria-hidden=\"true\" class=\"wp-block-spacer\"><\/div>\n\n\n\n<div class=\"wp-container-8 wp-block-columns\">\n<div class=\"wp-container-5 wp-block-column is-vertically-aligned-center\" style=\"flex-basis:66.79%\"><div class=\"wp-block-image\">\n<figure class=\"alignleft size-full\"><img loading=\"lazy\" width=\"601\" height=\"601\" src=\"https:\/\/expertexpo.com.tr\/wp-content\/uploads\/2022\/07\/LIFT.jpg\" alt=\"\" class=\"wp-image-400\" srcset=\"https:\/\/expertexpo.com.tr\/wp-content\/uploads\/2022\/07\/LIFT.jpg 601w, https:\/\/expertexpo.com.tr\/wp-content\/uploads\/2022\/07\/LIFT-300x300.jpg 300w, https:\/\/expertexpo.com.tr\/wp-content\/uploads\/2022\/07\/LIFT-150x150.jpg 150w\" sizes=\"(max-width: 601px) 100vw, 601px\" \/><\/figure><\/div>\n\n\n<div style=\"height:40px\" aria-hidden=\"true\" class=\"wp-block-spacer\"><\/div>\n<\/div>\n\n\n\n<div class=\"wp-container-7 wp-block-column\" style=\"flex-basis:34%\">\n<p class=\"has-text-align-left has-neve-text-color-color has-text-color\"><strong>LIFT EXPO ALGERIA&nbsp;<\/strong>, Elevator and Escalator Technologies Exhibition, the meeting center of Elevator sector in Africa, will be held on&nbsp;<strong>27 \u2013 29 May 2022<\/strong>&nbsp;at SAFEX Expo Center, ALGERIA. Event would be gathering all the leading companies in elevator escalator and Component sector.<br>The Organizer Company MENA Founded by a group of visionary Algerian businessmen, MENA set out to be the exclusive exhibition and convention platform in the Africa. Gathering exhibitors and visitors from the Africa, Middle East, Asia, and Europe, MENA holds a diverse portfolio of exhibitions in different categories.<\/p>\n\n\n\n<div class=\"wp-container-6 wp-block-buttons\">\n<div class=\"wp-block-button is-style-primary\"><a class=\"wp-block-button__link\" href=\"https:\/\/www.liftexpo-algeria.com\/\">VISIT WEBSITE<\/a><\/div>\n<\/div>\n\n\n\n<hr class=\"wp-block-separator has-text-color has-neve-text-color-color has-css-opacity has-neve-text-color-background-color has-background is-style-default\"\/>\n\n\n\n<figure class=\"wp-block-image size-full is-resized is-style-rounded\"><img loading=\"lazy\" src=\"https:\/\/expertexpo.com.tr\/wp-content\/uploads\/2022\/07\/depositphotos_39258205-stock-illustration-businessman-avatar-profile-picture.jpg\" alt=\"\" class=\"wp-image-600\" width=\"88\" height=\"88\" srcset=\"https:\/\/expertexpo.com.tr\/wp-content\/uploads\/2022\/07\/depositphotos_39258205-stock-illustration-businessman-avatar-profile-picture.jpg 1024w, https:\/\/expertexpo.com.tr\/wp-content\/uploads\/2022\/07\/depositphotos_39258205-stock-illustration-businessman-avatar-profile-picture-300x300.jpg 300w, https:\/\/expertexpo.com.tr\/wp-content\/uploads\/2022\/07\/depositphotos_39258205-stock-illustration-businessman-avatar-profile-picture-150x150.jpg 150w, https:\/\/expertexpo.com.tr\/wp-content\/uploads\/2022\/07\/depositphotos_39258205-stock-illustration-businessman-avatar-profile-picture-768x768.jpg 768w\" sizes=\"(max-width: 88px) 100vw, 88px\" \/><\/figure>\n\n\n\n<p class=\"has-neve-text-color-color has-text-color\">Tuncay \u00c7EL\u0130K\u00d6Z<br>tcelikoz@expertexpo.com.tr<\/p>\n\n\n\n<p class=\"has-neve-text-color-color has-text-color\"><\/p>\n<\/div>\n<\/div>\n\n\n\n<div style=\"height:40px\" aria-hidden=\"true\" class=\"wp-block-spacer\"><\/div>\n<\/div><\/div>\n<\/div><\/div>\n\n\n\n<div class=\"wp-block-cover alignfull\" style=\"min-height:600px\"><span aria-hidden=\"true\" class=\"wp-block-cover__background has-nv-site-bg-background-color has-background-dim-100 has-background-dim\"><\/span><div class=\"wp-block-cover__inner-container\">\n<div class=\"wp-container-13 wp-block-group\"><div class=\"wp-block-group__inner-container\">\n<div style=\"height:80px\" aria-hidden=\"true\" class=\"wp-block-spacer\"><\/div>\n\n\n\n<h2 class=\"has-neve-text-color-color has-text-color\">Other Event&#8217;s<\/h2>\n\n\n\n<div style=\"height:20px\" aria-hidden=\"true\" class=\"wp-block-spacer\"><\/div>\n\n\n\n<div class=\"wp-container-12 wp-block-columns are-vertically-aligned-center\">\n<div class=\"wp-container-10 wp-block-column is-vertically-aligned-center\" style=\"flex-basis:50%\">\n<figure class=\"wp-block-image size-full\"><img loading=\"lazy\" width=\"604\" height=\"604\" src=\"https:\/\/expertexpo.com.tr\/wp-content\/uploads\/2022\/07\/HES.jpg\" alt=\"\" class=\"wp-image-406\" srcset=\"https:\/\/expertexpo.com.tr\/wp-content\/uploads\/2022\/07\/HES.jpg 604w, https:\/\/expertexpo.com.tr\/wp-content\/uploads\/2022\/07\/HES-300x300.jpg 300w, https:\/\/expertexpo.com.tr\/wp-content\/uploads\/2022\/07\/HES-150x150.jpg 150w\" sizes=\"(max-width: 604px) 100vw, 604px\" \/><\/figure>\n\n\n\n<div style=\"height:40px\" aria-hidden=\"true\" class=\"wp-block-spacer\"><\/div>\n<\/div>\n\n\n\n<div class=\"wp-container-11 wp-block-column is-vertically-aligned-center\" style=\"flex-basis:50%\">\n<figure class=\"wp-block-image size-full\"><img loading=\"lazy\" width=\"603\" height=\"603\" src=\"https:\/\/expertexpo.com.tr\/wp-content\/uploads\/2022\/07\/MMM.jpg\" alt=\"\" class=\"wp-image-508\" srcset=\"https:\/\/expertexpo.com.tr\/wp-content\/uploads\/2022\/07\/MMM.jpg 603w, https:\/\/expertexpo.com.tr\/wp-content\/uploads\/2022\/07\/MMM-300x300.jpg 300w, https:\/\/expertexpo.com.tr\/wp-content\/uploads\/2022\/07\/MMM-150x150.jpg 150w\" sizes=\"(max-width: 603px) 100vw, 603px\" \/><\/figure>\n\n\n\n<div style=\"height:40px\" aria-hidden=\"true\" class=\"wp-block-spacer\"><\/div>\n<\/div>\n<\/div>\n\n\n\n<div style=\"height:40px\" aria-hidden=\"true\" class=\"wp-block-spacer\"><\/div>\n<\/div><\/div>\n<\/div><\/div>\n\n\n\n<div class=\"wp-block-cover alignfull\" style=\"min-height:300px\"><span aria-hidden=\"true\" class=\"wp-block-cover__background has-nv-dark-bg-background-color has-background-dim-100 has-background-dim\"><\/span><div class=\"wp-block-cover__inner-container\">\n<div style=\"height:140px\" aria-hidden=\"true\" class=\"wp-block-spacer\"><\/div>\n\n\n\n<h2 class=\"has-text-align-center has-nv-text-dark-bg-color has-text-color\">Let\u2019s work together on your <br>next web project<\/h2>\n\n\n\n<p class=\"has-text-align-center\">Lorem ipsum dolor sit amet, consectetur adipiscing elit. Ut elit tellus, luctus <br>nec ullamcorper mattis, pulvinar dapibus leo.<\/p>\n\n\n\n<div class=\"wp-container-14 is-horizontal is-content-justification-center wp-block-buttons\">\n<div class=\"wp-block-button is-style-primary\"><a class=\"wp-block-button__link\" href=\"https:\/\/expertexpo.com.tr\/web-agency-gb-contact-us\/\">LEARN MORE<\/a><\/div>\n<\/div>\n\n\n\n<div style=\"height:140px\" aria-hidden=\"true\" class=\"wp-block-spacer\"><\/div>\n<\/div><\/div>\n","protected":false},"excerpt":{"rendered":"","protected":false},"author":1,"featured_media":0,"parent":0,"menu_order":0,"comment_status":"closed","ping_status":"closed","template":"","meta":{"neve_meta_sidebar":"default","neve_meta_container":"","neve_meta_enable_content_width":"on","neve_meta_content_width":100,"neve_meta_title_alignment":"","neve_meta_author_avatar":"","neve_post_elements_order":"","neve_meta_disable_header":"","neve_meta_disable_footer":"","neve_meta_disable_title":"on","_themeisle_gutenberg_block_has_review":false},"_links":{"self":[{"href":"https:\/\/expertexpo.com.tr\/index.php\/wp-json\/wp\/v2\/pages\/71"}],"collection":[{"href":"https:\/\/expertexpo.com.tr\/index.php\/wp-json\/wp\/v2\/pages"}],"about":[{"href":"https:\/\/expertexpo.com.tr\/index.php\/wp-json\/wp\/v2\/types\/page"}],"author":[{"embeddable":true,"href":"https:\/\/expertexpo.com.tr\/index.php\/wp-json\/wp\/v2\/users\/1"}],"replies":[{"embeddable":true,"href":"https:\/\/expertexpo.com.tr\/index.php\/wp-json\/wp\/v2\/comments?post=71"}],"version-history":[{"count":8,"href":"https:\/\/expertexpo.com.tr\/index.php\/wp-json\/wp\/v2\/pages\/71\/revisions"}],"predecessor-version":[{"id":629,"href":"https:\/\/expertexpo.com.tr\/index.php\/wp-json\/wp\/v2\/pages\/71\/revisions\/629"}],"wp:attachment":[{"href":"https:\/\/expertexpo.com.tr\/index.php\/wp-json\/wp\/v2\/media?parent=71"}],"curies":[{"name":"wp","href":"https:\/\/api.w.org\/{rel}","templated":true}]}}