{"id":675,"date":"2022-07-04T13:31:15","date_gmt":"2022-07-04T13:31:15","guid":{"rendered":"https:\/\/expertexpo.com.tr\/?page_id=675"},"modified":"2022-07-05T11:45:59","modified_gmt":"2022-07-05T11:45:59","slug":"hardware-algeria","status":"publish","type":"page","link":"https:\/\/expertexpo.com.tr\/index.php\/hardware-algeria\/","title":{"rendered":"Hardware Algeria"},"content":{"rendered":"\n<h2>HARDWARE &amp; TOOLS EXPO ALGERIA<\/h2>\n\n\n\n<div class=\"wp-block-cover alignfull\" style=\"min-height:600px\"><span aria-hidden=\"true\" class=\"wp-block-cover__background has-nv-light-bg-background-color has-background-dim-100 has-background-dim\"><\/span><div class=\"wp-block-cover__inner-container\">\n<div class=\"wp-container-5 wp-block-group\"><div class=\"wp-block-group__inner-container\">\n<div style=\"height:80px\" aria-hidden=\"true\" class=\"wp-block-spacer\"><\/div>\n\n\n\n<div class=\"wp-container-4 wp-block-columns\">\n<div class=\"wp-container-1 wp-block-column is-vertically-aligned-center\" style=\"flex-basis:66.79%\"><div class=\"wp-block-image\">\n<figure class=\"aligncenter size-full\"><img loading=\"lazy\" width=\"603\" height=\"603\" src=\"https:\/\/expertexpo.com.tr\/wp-content\/uploads\/2022\/07\/hards-2.jpg\" alt=\"\" class=\"wp-image-697\" srcset=\"https:\/\/expertexpo.com.tr\/wp-content\/uploads\/2022\/07\/hards-2.jpg 603w, https:\/\/expertexpo.com.tr\/wp-content\/uploads\/2022\/07\/hards-2-300x300.jpg 300w, https:\/\/expertexpo.com.tr\/wp-content\/uploads\/2022\/07\/hards-2-150x150.jpg 150w\" sizes=\"(max-width: 603px) 100vw, 603px\" \/><\/figure><\/div>\n\n\n<div style=\"height:40px\" aria-hidden=\"true\" class=\"wp-block-spacer\"><\/div>\n<\/div>\n\n\n\n<div class=\"wp-container-3 wp-block-column\" style=\"flex-basis:34%\">\n<div class=\"wp-container-2 wp-block-buttons\">\n<div class=\"wp-block-button is-style-primary\"><a class=\"wp-block-button__link\" href=\"http:\/\/hardware-algeria.com\/\">VISIT WEBSITE<\/a><\/div>\n<\/div>\n\n\n\n<hr class=\"wp-block-separator has-text-color has-neve-text-color-color has-css-opacity has-neve-text-color-background-color has-background is-style-default\"\/>\n\n\n\n<figure class=\"wp-block-image size-full is-resized is-style-rounded\"><img loading=\"lazy\" src=\"https:\/\/expertexpo.com.tr\/wp-content\/uploads\/2022\/07\/depositphotos_39258205-stock-illustration-businessman-avatar-profile-picture.jpg\" alt=\"\" class=\"wp-image-600\" width=\"88\" height=\"88\" srcset=\"https:\/\/expertexpo.com.tr\/wp-content\/uploads\/2022\/07\/depositphotos_39258205-stock-illustration-businessman-avatar-profile-picture.jpg 1024w, https:\/\/expertexpo.com.tr\/wp-content\/uploads\/2022\/07\/depositphotos_39258205-stock-illustration-businessman-avatar-profile-picture-300x300.jpg 300w, https:\/\/expertexpo.com.tr\/wp-content\/uploads\/2022\/07\/depositphotos_39258205-stock-illustration-businessman-avatar-profile-picture-150x150.jpg 150w, https:\/\/expertexpo.com.tr\/wp-content\/uploads\/2022\/07\/depositphotos_39258205-stock-illustration-businessman-avatar-profile-picture-768x768.jpg 768w\" sizes=\"(max-width: 88px) 100vw, 88px\" \/><\/figure>\n\n\n\n<p class=\"has-neve-text-color-color has-text-color\">Tuncay \u00c7EL\u0130K\u00d6Z<br>tcelikoz@expertexpo.com.tr<\/p>\n\n\n\n<p class=\"has-neve-text-color-color has-text-color\"><\/p>\n<\/div>\n<\/div>\n\n\n\n<div style=\"height:40px\" aria-hidden=\"true\" class=\"wp-block-spacer\"><\/div>\n<\/div><\/div>\n<\/div><\/div>\n","protected":false},"excerpt":{"rendered":"<p>HARDWARE &amp; TOOLS EXPO ALGERIA<\/p>\n","protected":false},"author":1,"featured_media":0,"parent":0,"menu_order":0,"comment_status":"closed","ping_status":"closed","template":"page-templates\/template-pagebuilder-full-width.php","meta":{"neve_meta_sidebar":"","neve_meta_container":"","neve_meta_enable_content_width":"on","neve_meta_content_width":100,"neve_meta_title_alignment":"left","neve_meta_author_avatar":"","neve_post_elements_order":"","neve_meta_disable_header":"","neve_meta_disable_footer":"","neve_meta_disable_title":"","_themeisle_gutenberg_block_has_review":false},"_links":{"self":[{"href":"https:\/\/expertexpo.com.tr\/index.php\/wp-json\/wp\/v2\/pages\/675"}],"collection":[{"href":"https:\/\/expertexpo.com.tr\/index.php\/wp-json\/wp\/v2\/pages"}],"about":[{"href":"https:\/\/expertexpo.com.tr\/index.php\/wp-json\/wp\/v2\/types\/page"}],"author":[{"embeddable":true,"href":"https:\/\/expertexpo.com.tr\/index.php\/wp-json\/wp\/v2\/users\/1"}],"replies":[{"embeddable":true,"href":"https:\/\/expertexpo.com.tr\/index.php\/wp-json\/wp\/v2\/comments?post=675"}],"version-history":[{"count":12,"href":"https:\/\/expertexpo.com.tr\/index.php\/wp-json\/wp\/v2\/pages\/675\/revisions"}],"predecessor-version":[{"id":700,"href":"https:\/\/expertexpo.com.tr\/index.php\/wp-json\/wp\/v2\/pages\/675\/revisions\/700"}],"wp:attachment":[{"href":"https:\/\/expertexpo.com.tr\/index.php\/wp-json\/wp\/v2\/media?parent=675"}],"curies":[{"name":"wp","href":"https:\/\/api.w.org\/{rel}","templated":true}]}}